{"id":1390,"date":"2025-09-30T11:51:53","date_gmt":"2025-09-30T17:51:53","guid":{"rendered":"https:\/\/sibandas.com\/wordpress\/?page_id=1390"},"modified":"2026-03-03T16:33:43","modified_gmt":"2026-03-03T22:33:43","slug":"bandas-modulares","status":"publish","type":"page","link":"https:\/\/sibandas.com\/wordpress\/bandas-modulares\/","title":{"rendered":"Bandas modulares"},"content":{"rendered":"\n\n\n\n\n\n\n\n\n\n\n\n\n\n\n\n\n\n\n\n\n\n\n\n    <div class=\"spdfed-form-wrapper\">\n        <form method=\"post\" action=\"https:\/\/sibandas.com\/wordpress\/wp-admin\/admin-post.php\" class=\"spdfed-form\">\n                        <div class=\"spdfed-form-row\">\n                <input type=\"text\"\n                       name=\"spdfed_name\"\n                                              placeholder=\"Enter your full name\"\n                       value=\"\"\n                       class=\"spdfed-input\">\n            <\/div>\n                        <div class=\"spdfed-form-row\">\n                <input type=\"email\" \n                       name=\"email\" \n                       required \n                       placeholder=\"Enter your email\"\n                       value=\"\"\n                       class=\"spdfed-input\">\n            <\/div>\n                            <div class=\"spdfed-form-row\">\n                    <label class=\"spdfed-checkbox-label\">\n                        <input type=\"checkbox\" name=\"gdpr\" value=\"1\" required>\n                        Autorizo el uso de mis datos para recibir el material solicitado y ser contactado con informaci\u00f3n t\u00e9cnica y comercial. He le\u00eddo y acepto el Aviso de Privacidad.                    <\/label>\n                <\/div>\n                        <input type=\"hidden\" name=\"action\" value=\"spdfed_download\">\n            <input type=\"hidden\" name=\"post_id\" value=\"0\">\n            <input type=\"hidden\" name=\"spdfed_redirect_url\" value=\"https:\/\/sibandas.com\/wordpress\/wp-json\/wp\/v2\/pages\/1390\">\n            <input type=\"hidden\" id=\"spdfed_nonce_field\" name=\"spdfed_nonce_field\" value=\"90b08e5d07\" \/><input type=\"hidden\" name=\"_wp_http_referer\" value=\"\/wordpress\/wp-json\/wp\/v2\/pages\/1390\" \/>            <button type=\"submit\" class=\"spdfed-button\">\n                Download PDF            <\/button>\n        <\/form>\n    <\/div>\n    \n\n\n\n\n","protected":false},"excerpt":{"rendered":"","protected":false},"author":2,"featured_media":0,"parent":0,"menu_order":0,"comment_status":"closed","ping_status":"closed","template":"page-with-right-sidebar","meta":{"saved_in_kubio":true,"footnotes":""},"class_list":["post-1390","page","type-page","status-publish","hentry"],"kubio_ai_page_context":{"short_desc":"","purpose":"general"},"_links":{"self":[{"href":"https:\/\/sibandas.com\/wordpress\/wp-json\/wp\/v2\/pages\/1390","targetHints":{"allow":["GET"]}}],"collection":[{"href":"https:\/\/sibandas.com\/wordpress\/wp-json\/wp\/v2\/pages"}],"about":[{"href":"https:\/\/sibandas.com\/wordpress\/wp-json\/wp\/v2\/types\/page"}],"author":[{"embeddable":true,"href":"https:\/\/sibandas.com\/wordpress\/wp-json\/wp\/v2\/users\/2"}],"replies":[{"embeddable":true,"href":"https:\/\/sibandas.com\/wordpress\/wp-json\/wp\/v2\/comments?post=1390"}],"version-history":[{"count":26,"href":"https:\/\/sibandas.com\/wordpress\/wp-json\/wp\/v2\/pages\/1390\/revisions"}],"predecessor-version":[{"id":2188,"href":"https:\/\/sibandas.com\/wordpress\/wp-json\/wp\/v2\/pages\/1390\/revisions\/2188"}],"wp:attachment":[{"href":"https:\/\/sibandas.com\/wordpress\/wp-json\/wp\/v2\/media?parent=1390"}],"curies":[{"name":"wp","href":"https:\/\/api.w.org\/{rel}","templated":true}]}}